{"id":352,"date":"2026-01-04T01:13:10","date_gmt":"2026-01-04T01:13:10","guid":{"rendered":"https:\/\/vignettego.com\/highway-vignette-europe\/slovensko-dalnicni-vigneta-2026-kompletni-pruvodce-dialnicnou-znamkou\/"},"modified":"2026-01-04T12:43:04","modified_gmt":"2026-01-04T12:43:04","slug":"slovensko-dalnicni-vigneta-2026-kompletni-pruvodce-dialnicnou-znamkou","status":"publish","type":"page","link":"https:\/\/vignettego.com\/highway-vignette-europe\/cs\/slovensko-dalnicni-vigneta-2026-kompletni-pruvodce-dialnicnou-znamkou\/","title":{"rendered":"Slovensko d\u00e1lni\u010dn\u00ed vigneta 2026: Kompletn\u00ed pr\u016fvodce dia\u013eni\u010dnou zn\u00e1mkou"},"content":{"rendered":"\n<script type=\"application\/ld+json\">{\n    \"@context\": \"https:\/\/schema.org\",\n    \"@graph\": [\n        {\n            \"@type\": \"Article\",\n            \"@id\": \"https:\/\/vignettego.com\/highway-vignette-europe\/slovakia-highway-vignette-guide\/#article\",\n            \"headline\": \"Slovakia Highway Vignette 2026: Complete E-Znamka Guide\",\n            \"description\": \"Everything about the Slovak E-Znamka system 2026: prices, validity, how to buy online, and essential tips for driving on Slovak motorways. Your complete guide to the electronic vignette.\",\n            \"image\": \"https:\/\/vignettego.com\/highway-vignette-europe\/wp-content\/uploads\/2026\/09\/Highway-Vignette-Europe.jpg\",\n            \"datePublished\": \"2026-01-04\",\n            \"dateModified\": \"2026-01-04\",\n            \"author\": {\"@type\": \"Organization\", \"name\": \"VignetteGo\", \"url\": \"https:\/\/vignettego.com\"},\n            \"publisher\": {\"@type\": \"Organization\", \"name\": \"VignetteGo\"},\n            \"mainEntityOfPage\": {\"@type\": \"WebPage\", \"@id\": \"https:\/\/vignettego.com\/highway-vignette-europe\/slovakia-highway-vignette-guide\/\"},\n            \"articleSection\": \"Highway Vignettes\",\n            \"keywords\": [\"Slovakia vignette\", \"E-Znamka\", \"Slovak motorway\", \"Bratislava driving\", \"High Tatras road trip\", \"Slovakia toll\"],\n            \"inLanguage\": \"en\",\n            \"speakable\": {\"@type\": \"SpeakableSpecification\", \"cssSelector\": [\".article-intro\", \"#faq-section\"]}\n        },\n        {\n            \"@type\": \"BreadcrumbList\",\n            \"itemListElement\": [\n                {\"@type\": \"ListItem\", \"position\": 1, \"name\": \"VignetteGo\", \"item\": \"https:\/\/vignettego.com\/\"},\n                {\"@type\": \"ListItem\", \"position\": 2, \"name\": \"Highway Vignette Europe\", \"item\": \"https:\/\/vignettego.com\/highway-vignette-europe\/\"},\n                {\"@type\": \"ListItem\", \"position\": 3, \"name\": \"Slovakia Guide\", \"item\": \"https:\/\/vignettego.com\/highway-vignette-europe\/slovakia-highway-vignette-guide\/\"}\n            ]\n        },\n        {\n            \"@type\": \"FAQPage\",\n            \"mainEntity\": [\n                {\"@type\": \"Question\", \"name\": \"How much does a Slovak E-Znamka cost?\", \"acceptedAnswer\": {\"@type\": \"Answer\", \"text\": \"For 2026, prices are approximately: 10-day vignette EUR 12, 30-day vignette EUR 17, and annual vignette EUR 60 for vehicles up to 3.5 tonnes. Prices may be adjusted annually.\"}},\n                {\"@type\": \"Question\", \"name\": \"Can I buy the Slovak E-Znamka online?\", \"acceptedAnswer\": {\"@type\": \"Answer\", \"text\": \"Yes, you can purchase the E-Znamka online at VignetteGo or the official Slovak eznamka.sk website. Registration is linked to your license plate, so no physical sticker is needed.\"}},\n                {\"@type\": \"Question\", \"name\": \"Do I need a vignette for all roads in Slovakia?\", \"acceptedAnswer\": {\"@type\": \"Answer\", \"text\": \"No, only motorways (dia\u013enice - D roads) and expressways (r\u00fdchlostn\u00e9 cesty - R roads) require a vignette. Regular national roads (cesty I., II., III. triedy) are free.\"}},\n                {\"@type\": \"Question\", \"name\": \"What if I drive without a vignette in Slovakia?\", \"acceptedAnswer\": {\"@type\": \"Answer\", \"text\": \"Fines for driving without a valid E-Znamka range from EUR 100 to EUR 500. Enforcement is done via cameras, so non-compliance is easily detected.\"}},\n                {\"@type\": \"Question\", \"name\": \"Is the Slovak vignette valid immediately after purchase?\", \"acceptedAnswer\": {\"@type\": \"Answer\", \"text\": \"Yes, the E-Znamka is valid immediately from the time of purchase, or you can select a future start date when buying online.\"}}\n            ]\n        }\n    ]\n}\n<\/script>\n\n<figure class=\"wp-block-image aligncenter size-large\"><img decoding=\"async\" src=\"https:\/\/vignettego.com\/highway-vignette-europe\/wp-content\/uploads\/2026\/09\/Highway-Vignette-Europe.jpg\" alt=\"Slovensko E-Znamka 2026 &#x2013; Kompletn&#xED; pr&#x16F;vodce slovenskou d&#xE1;lni&#x10D;n&#xED; sc&#xE9;nou\" style=\"width:100%; height:auto; margin-bottom:20px;\"\/><\/figure>\n\n<p class=\"article-intro\">Slovensko je skryt\u00fdm klenotem ve st\u0159edn\u00ed Evrop\u011b, nab\u00edz\u00ed \u00fachvatn\u00e9 horsk\u00e9 scen\u00e9rie ve Vysok\u00fdch Tatr\u00e1ch, kouzeln\u00e1 st\u0159edov\u011bk\u00e1 m\u011bsta jako Bardejov a Levo\u010da, tajemn\u00e9 hrady a vynikaj\u00edc\u00ed term\u00e1ln\u00ed l\u00e1zn\u011b. A\u0165 u\u017e proch\u00e1z\u00edte p\u0159es Slovensko do Polska, Ukrajiny nebo Ma\u010farska, nebo objevujete tuto kr\u00e1snou zemi, budete pot\u0159ebovat <strong>slovenskou E-Znamku (elektronickou vignetu).<\/strong> Tento pr\u016fvodce pokr\u00fdv\u00e1 v\u0161e o slovensk\u00e9m syst\u00e9mu vin\u011bt pro rok 2026: ceny, platnost, kde koupit a z\u00e1kladn\u00ed tipy pro j\u00edzdu po slovensk\u00fdch d\u00e1lnic\u00edch.  <\/p>\n\n<div style=\"height:25px\" aria-hidden=\"true\" class=\"wp-block-spacer\"><\/div>\n\n<div class=\"wp-block-buttons is-content-justification-center is-layout-flex wp-container-core-buttons-is-layout-a89b3969 wp-block-buttons-is-layout-flex\">\n<div class=\"wp-block-button\"><a class=\"wp-block-button__link wp-element-button\" href=\"https:\/\/vignettego.com\/\" style=\"background-color:#0066cc;color:#ffffff;padding:15px 30px;font-size:18px;border-radius:8px;\">\ud83d\ude97 Z\u00edskejte svou slovenskou e-znamku na VignetteGo<\/a><\/div>\n<\/div>\n\n<div style=\"height:25px\" aria-hidden=\"true\" class=\"wp-block-spacer\"><\/div>\n\n<h2 class=\"wp-block-heading\">\ud83c\uddf8\ud83c\uddf0 Co je to slovensk\u00e1 E-Znamka?<\/h2>\n\n<p>Slovensko p\u0159e\u0161lo v roce 2016 z fyzick\u00fdch samolepek na <strong>pln\u011b elektronick\u00fd syst\u00e9m (E-Znamka).<\/strong> U\u017e \u017e\u00e1dn\u00e9 \u0161kr\u00e1b\u00e1n\u00ed star\u00fdch samolepek z \u010deln\u00edho skla! E-Znamka je propojena s registra\u010dn\u00edm \u010d\u00edslem va\u0161eho vozidla a registrov\u00e1na v centr\u00e1ln\u00ed datab\u00e1zi. Kamerov\u00e9 syst\u00e9my pod\u00e9l d\u00e1lnic automaticky ov\u011b\u0159uj\u00ed stav va\u0161\u00ed vin\u011bty.   <\/p>\n\n<p>Syst\u00e9m spravuje <strong>N\u00e1rodn\u00ed d\u00e1lni\u010dn\u00ed spole\u010dnost (NDS \u2013 N\u00e1rodn\u00e1 dia\u013eni\u010dn\u00e1 spole\u010dnost).<\/strong> E-Znamka je povinn\u00e1 na v\u0161ech d\u00e1lnic\u00edch (dia\u013enice &#8211; D) a rychlostn\u00edch silnic\u00edch (r\u00fdchlostn\u00e9 cesty &#8211; R silnice), ale ne na b\u011b\u017en\u00fdch st\u00e1tn\u00edch silnic\u00edch. <\/p>\n\n<h2 class=\"wp-block-heading\">\ud83d\udcb0 Ceny E-Znamka 2026<\/h2>\n\n<p>Slovensko pou\u017e\u00edv\u00e1 jako svou m\u011bnu euro (EUR), co\u017e usnad\u0148uje platby n\u00e1v\u0161t\u011bvn\u00edk\u016fm z jin\u00fdch zem\u00ed euroz\u00f3ny.<\/p>\n\n<figure class=\"wp-block-table\"><table><thead><tr><th>Typ vin\u011bty<\/th><th>Vozidla do 3,5t<\/th><\/tr><\/thead><tbody><tr><td><strong>10 dn\u00ed<\/strong><\/td><td>EUR 12<\/td><\/tr><tr><td><strong>30denn\u00ed<\/strong><\/td><td>17 EUR<\/td><\/tr><tr><td><strong>365denn\u00ed (ro\u010dn\u00ed)<\/strong><\/td><td>60 EUR<\/td><\/tr><\/tbody><\/table><\/figure>\n\n<p><strong>Pozn\u00e1mka:<\/strong> Ceny jsou pro vozidla a\u017e do 3,5 tuny. V\u011bt\u0161\u00ed vozidla spadaj\u00ed pod elektronick\u00fd m\u00fdtn\u00fd syst\u00e9m a plat\u00ed za kilometr. <\/p>\n\n<h2 class=\"wp-block-heading\">\ud83d\uded2 Kde koupit slovenskou e-znamku<\/h2>\n\n<h3 class=\"wp-block-heading\">Online (doporu\u010deno)<\/h3>\n\n<p>Nejjednodu\u0161\u0161\u00ed zp\u016fsob, jak nakupit, je online p\u0159ed cestou:<\/p>\n\n<ul class=\"wp-block-list\">\n<li><strong><a href=\"https:\/\/vignettego.com\/\">VignetteGo<\/a><\/strong> \u2013 rychl\u00fd n\u00e1kup s okam\u017eit\u00fdm potvrzen\u00edm<\/li>\n<li>Ofici\u00e1ln\u00ed webov\u00e9 str\u00e1nky Slovensk\u00e9ho eznamka.sk<\/li>\n<\/ul>\n\n<p>V\u00fdhody online n\u00e1kupu: \u017e\u00e1dn\u00e9 \u010dek\u00e1n\u00ed na \u010derpac\u00edch stanic\u00edch u hranic, okam\u017eit\u00e1 aktivace, digit\u00e1ln\u00ed potvrzen\u00ed v telefonu, mo\u017enost zvolit si budouc\u00ed datum n\u00e1stupu.<\/p>\n\n<h3 class=\"wp-block-heading\">Fyzick\u00e9 n\u00e1kupn\u00ed body<\/h3>\n\n<ul class=\"wp-block-list\">\n<li>\u010cerpac\u00ed stanice (OMV, Shell, Slovnaft) po cel\u00e9m Slovensku<\/li>\n<li>Hrani\u010dn\u00ed p\u0159echody<\/li>\n<li>Po\u0161tovn\u00ed \u00fa\u0159ady<\/li>\n<li>Z\u00e1kaznick\u00e1 servisn\u00ed centra NDS<\/li>\n<\/ul>\n\n<div style=\"height:25px\" aria-hidden=\"true\" class=\"wp-block-spacer\"><\/div>\n\n<div class=\"wp-block-buttons is-content-justification-center is-layout-flex wp-container-core-buttons-is-layout-a89b3969 wp-block-buttons-is-layout-flex\">\n<div class=\"wp-block-button\"><a class=\"wp-block-button__link wp-element-button\" href=\"https:\/\/vignettego.com\/\" style=\"background-color:#28a745;color:#ffffff;padding:15px 30px;font-size:18px;border-radius:8px;\">\u2705 Z\u00edskejte evropsk\u00e9 vignety \u2013 8 zem\u00ed \u2013 na VignetteGo<\/a><\/div>\n<\/div>\n\n<div style=\"height:25px\" aria-hidden=\"true\" class=\"wp-block-spacer\"><\/div>\n\n<h2 class=\"wp-block-heading\">\ud83d\udee3\ufe0f Slovensk\u00e1 d\u00e1lni\u010dn\u00ed s\u00ed\u0165<\/h2>\n\n<p>Slovensk\u00e1 d\u00e1lni\u010dn\u00ed s\u00ed\u0165 spojuje hlavn\u00ed m\u011bsto Bratislavu s hlavn\u00edmi m\u011bsty a sousedn\u00edmi zem\u011bmi. S\u00ed\u0165 se st\u00e1le roz\u0161i\u0159uje, zejm\u00e9na D1 do Ko\u0161\u00edc. <\/p>\n\n<h3 class=\"wp-block-heading\">D1 \u2013 Bratislava a\u017e Ko\u0161ice (hlavn\u00ed koridor)<\/h3>\n\n<p>Hlavn\u00ed v\u00fdchodo-z\u00e1padn\u00ed koridor spojuj\u00edc\u00ed <strong>Bratislavu<\/strong> s <strong>Ko\u0161icemi<\/strong>, proch\u00e1zej\u00edc\u00ed \u017dilinou a oblast\u00ed Vysok\u00e9 Tatry. To je p\u00e1te\u0159 slovensk\u00e9 d\u00e1lni\u010dn\u00ed s\u00edt\u011b. Pozn\u00e1mka: N\u011bkter\u00e9 \u00faseky jsou st\u00e1le ve v\u00fdstavb\u011b a vy\u017eaduj\u00ed obj\u00ed\u017e\u010fky po b\u011b\u017en\u00fdch silnic\u00edch. Celkov\u00e1 d\u00e9lka po dokon\u010den\u00ed: p\u0159ibli\u017en\u011b 450 km.   <\/p>\n\n<h3 class=\"wp-block-heading\">D2 \u2013 Bratislava a\u017e \u010desk\u00e1 hranice<\/h3>\n\n<p>Spojuje Bratislavu na sever s <strong>\u010ceskou republikou<\/strong>, pokra\u010duje sm\u011brem k Brnu a Praze. Nezbytn\u00e9 pro cestovatele, kte\u0159\u00ed p\u0159ij\u00ed\u017ed\u011bj\u00ed z <a href=\"https:\/\/vignettego.com\/highway-vignette-europe\/cs\/ceska-dalnicni-vigneta-2026-ultimatni-pruvodce-e-znamka\/\">\u010cesk\u00e9 republiky<\/a> nebo do n\u00ed m\u00ed\u0159\u00ed. Celkov\u00e1 d\u00e9lka: p\u0159ibli\u017en\u011b 60 km.  <\/p>\n\n<h3 class=\"wp-block-heading\">D3 \u2013 \u017dilina a\u017e k polsk\u00e9 hranici<\/h3>\n\n<p>Spojuje \u017dilinu s <strong>polskou hranic\u00ed u Skalit\u00e9<\/strong> a pokra\u010duje do Krakova. Obl\u00edben\u00e1 trasa pro cestovatele do ji\u017en\u00edho Polska. Celkov\u00e1 d\u00e9lka: p\u0159ibli\u017en\u011b 60 km.  <\/p>\n\n<h3 class=\"wp-block-heading\">D4 \u2013 Bratislavsk\u00fd okru\u017en\u00ed okruh<\/h3>\n\n<p>Obchvat kolem Bratislavy, spojuj\u00edc\u00ed D1, D2 a trasy do Rakouska a Ma\u010farska. Nezbytn\u00e9 pro vyh\u00fdb\u00e1n\u00ed se doprav\u011b v centru Bratislavy. <\/p>\n\n<h3 class=\"wp-block-heading\">R Expressways<\/h3>\n\n<p>Slovensko m\u00e1 tak\u00e9 n\u011bkolik rychlostn\u00edch silnic (R silnic), kter\u00e9 vy\u017eaduj\u00ed vin\u011btu:<\/p>\n\n<ul class=\"wp-block-list\">\n<li><strong>R1:<\/strong> Trnava a\u017e Bansk\u00e1 Bystrica<\/li>\n<li><strong>R2:<\/strong> Obchvat Ko\u0161ic<\/li>\n<li><strong>R3:<\/strong> \u017dilina do Martina<\/li>\n<li><strong>R4:<\/strong> Ko\u0161ice a\u017e ma\u010farsk\u00e1 hranice<\/li>\n<li><strong>R6:<\/strong> Belu\u0161a a\u017e \u010desk\u00e1 hranice<\/li>\n<\/ul>\n\n<h2 class=\"wp-block-heading\">\ud83d\uddfa\ufe0f Obl\u00edben\u00e9 trasy p\u0159es Slovensko<\/h2>\n\n<h3 class=\"wp-block-heading\">V\u00edde\u0148 a\u017e Bratislava<\/h3>\n\n<p><strong>Vzd\u00e1lenost:<\/strong> ~65 km | <strong>D\u00e9lka:<\/strong> 45-60 minut | <strong>Pot\u0159eba kr\u00e1tk\u00e9 sc\u00e9nky:<\/strong> Rakousk\u00fd + Sloven<\/p>\n\n<p>Ob\u011b hlavn\u00ed m\u011bsta jsou pozoruhodn\u011b bl\u00edzko \u2013 jedna z nejkrat\u0161\u00edch vzd\u00e1lenost\u00ed mezi hlavn\u00edmi m\u011bsty v Evrop\u011b. Okru\u017en\u00ed silnice D4 nab\u00edz\u00ed p\u0159\u00edm\u00e9 spojen\u00ed. <\/p>\n\n<h3 class=\"wp-block-heading\">Bratislava do Prahy (p\u0159es d\u00e1lnice D2 a \u010desk\u00e9 d\u00e1lnice)<\/h3>\n\n<p><strong>Vzd\u00e1lenost:<\/strong> ~330 km | <strong>D\u00e9lka:<\/strong> 3,5-4 hodiny | <strong>Pot\u0159eba kr\u00e1tk\u00e9 sc\u00e9nky:<\/strong> Sloven\u0161tina + <a href=\"https:\/\/vignettego.com\/highway-vignette-europe\/cs\/ceska-dalnicni-vigneta-2026-ultimatni-pruvodce-e-znamka\/\">\u010de\u0161tina<\/a><\/p>\n\n<p>P\u0159\u00edm\u00e9 d\u00e1lni\u010dn\u00ed spojen\u00ed mezi ob\u011bma hlavn\u00edmi m\u011bsty p\u0159es Brno. Vynikaj\u00edc\u00ed podm\u00ednky na silnic\u00edch po cel\u00e9m \u00faseku. <\/p>\n\n<h3 class=\"wp-block-heading\">Bratislava do Budape\u0161ti (p\u0159es Ma\u010farsko)<\/h3>\n\n<p><strong>Vzd\u00e1lenost:<\/strong> ~200 km | <strong>D\u00e9lka:<\/strong> 2-2,5 hodiny | <strong>Pot\u0159eba kr\u00e1tk\u00e9 sc\u00e9nky:<\/strong> Slovensk\u00e1 + ma\u010farsk\u00e1 <a href=\"https:\/\/vignettego.com\/highway-vignette-europe\/cs\/madarska-dalnicni-vigneta-2026-kompletni-pruvodce-e-matrica\/\">E-Matrica<\/a><\/p>\n\n<p>Rychl\u00e9 spojen\u00ed mezi ob\u011bma hlavn\u00edmi m\u011bsty p\u0159es D2 a ma\u010farskou M15\/M1.<\/p>\n\n<h3 class=\"wp-block-heading\">Bratislava a\u017e Vysok\u00e9 Tatry (p\u0159es D1)<\/h3>\n\n<p><strong>Vzd\u00e1lenost:<\/strong> ~330 km | <strong>D\u00e9lka:<\/strong> 4\u20134,5 hodiny<\/p>\n\n<p>Pozn\u00e1mka: D1 nen\u00ed zcela dokon\u010dena, tak\u017ee o\u010dek\u00e1vejte n\u011bkter\u00e9 \u00faseky na b\u011b\u017en\u00fdch silnic\u00edch. \u010cek\u00e1 v\u00e1s \u00fachvatn\u00e1 horsk\u00e1 scen\u00e9rie! <\/p>\n\n<h3 class=\"wp-block-heading\">Krakov do Bratislavy (p\u0159es Polsko-Slovensko)<\/h3>\n\n<p><strong>Vzd\u00e1lenost:<\/strong> ~300 km | <strong>D\u00e9lka:<\/strong> 3,5-4 hodiny | <strong>Pot\u0159eba kr\u00e1tk\u00e9 sc\u00e9nky:<\/strong> Slovensk\u00e1 (polsk\u00e9 d\u00e1lnice pou\u017e\u00edvaj\u00ed m\u00fdtn\u00e9 na kilometr)<\/p>\n\n<p>P\u0159es D3 p\u0159es \u017dilinu nebo p\u0159es hrani\u010dn\u00ed p\u0159echod v Trsten\u00e9.<\/p>\n\n<div style=\"height:25px\" aria-hidden=\"true\" class=\"wp-block-spacer\"><\/div>\n\n<div class=\"wp-block-buttons is-content-justification-center is-layout-flex wp-container-core-buttons-is-layout-a89b3969 wp-block-buttons-is-layout-flex\">\n<div class=\"wp-block-button\"><a class=\"wp-block-button__link wp-element-button\" href=\"https:\/\/vignettego.com\/\" style=\"background-color:#ff6600;color:#ffffff;padding:15px 30px;font-size:18px;border-radius:8px;\">\ud83d\uded2 Objednejte v\u0161echny evropsk\u00e9 vin\u011bty na VignetteGo<\/a><\/div>\n<\/div>\n\n<div style=\"height:25px\" aria-hidden=\"true\" class=\"wp-block-spacer\"><\/div>\n\n<h2 class=\"wp-block-heading\">\u26a0\ufe0f D\u016fle\u017eit\u00e1 pravidla E-Znamka<\/h2>\n\n<h3 class=\"wp-block-heading\">Doba platnosti<\/h3>\n\n<ul class=\"wp-block-list\">\n<li><strong>10denn\u00ed program:<\/strong> Plat\u00ed po dobu 10 po sob\u011b jdouc\u00edch dn\u016f od zvolen\u00e9ho data za\u010d\u00e1tku<\/li>\n<li><strong>30denn\u00ed obdob\u00ed:<\/strong> Plat\u00ed 30 po sob\u011b jdouc\u00edch dn\u016f od zvolen\u00e9ho data za\u010d\u00e1tku<\/li>\n<li><strong>365 dn\u00ed:<\/strong> Plat\u00ed jeden rok od zvolen\u00e9ho data za\u010d\u00e1tku<\/li>\n<\/ul>\n\n<h3 class=\"wp-block-heading\">Registrace registra\u010dn\u00edch zna\u010dek<\/h3>\n\n<p>E-Znamka je registrov\u00e1na na <strong>va\u0161e p\u0159esn\u00e9 registra\u010dn\u00ed \u010d\u00edslo<\/strong> a <strong>p\u0159edvolbu zem\u011b<\/strong>. P\u0159i n\u00e1kupu si dvakr\u00e1t zkontrolujte p\u0159eklepy! Chyby vy\u017eaduj\u00ed n\u00e1kup nov\u00e9 vin\u011bty.  <\/p>\n\n<h3 class=\"wp-block-heading\">Pokuty za nedodr\u017een\u00ed<\/h3>\n\n<ul class=\"wp-block-list\">\n<li><strong>Standardn\u00ed pokuta:<\/strong> 100 a\u017e 500 EUR<\/li>\n<li><strong>Sn\u00ed\u017een\u00e1 pokuta:<\/strong> Pokud je zaplaceno do 15 dn\u016f<\/li>\n<li>Vym\u00e1h\u00e1n\u00ed prost\u0159ednictv\u00edm automatick\u00fdch kamerov\u00fdch syst\u00e9m\u016f (ANPR)<\/li>\n<\/ul>\n\n<h2 class=\"wp-block-heading\">\ud83d\udca1 Tipy na j\u00edzdu na Slovensku pro rok 2026<\/h2>\n\n<h3 class=\"wp-block-heading\">Rychlostn\u00ed limity<\/h3>\n\n<ul class=\"wp-block-list\">\n<li><strong>D\u00e1lnice:<\/strong> 130 km\/h<\/li>\n<li><strong>Rychlostn\u00ed silnice:<\/strong> 130 km\/h<\/li>\n<li><strong>Hlavn\u00ed silnice mimo zastav\u011bn\u00e9 oblasti:<\/strong> 90 km\/h<\/li>\n<li><strong>M\u011bstsk\u00e9 oblasti:<\/strong> 50 km\/h<\/li>\n<\/ul>\n\n<h3 class=\"wp-block-heading\">Po\u017eadovan\u00e9 vybaven\u00ed<\/h3>\n\n<ul class=\"wp-block-list\">\n<li>Varovn\u00fd troj\u00faheln\u00edk<\/li>\n<li>Reflexn\u00ed vesta<\/li>\n<li>L\u00e9k\u00e1rni\u010dka<\/li>\n<li><strong>Sv\u011btlomety:<\/strong> Mus\u00ed b\u00fdt zapnut\u00fd po\u0159\u00e1d b\u011bhem j\u00edzdy (ve dne i v noci)<\/li>\n<li><strong>Zimn\u00ed vybaven\u00ed:<\/strong> 15. listopadu \u2013 31. b\u0159ezna \u2013 povinn\u00e9 zimn\u00ed pneumatiky, pokud to podm\u00ednky vy\u017eaduj\u00ed<\/li>\n<\/ul>\n\n<h3 class=\"wp-block-heading\">Politika nulov\u00e9 tolerance k alkoholu<\/h3>\n\n<p>Slovensko m\u00e1 <strong>nulovou toleranci<\/strong> k \u0159\u00edzen\u00ed pod vlivem alkoholu. Limit alkoholu v krvi je 0,0 %. Tresty jsou p\u0159\u00edsn\u00e9.  <\/p>\n\n<h2 class=\"wp-block-heading\" id=\"faq-section\">\u2753 \u010casto kladen\u00e9 ot\u00e1zky<\/h2>\n\n<h3 class=\"wp-block-heading\">Je d\u00e1lnice D1 dokon\u010dena?<\/h3>\n\n<p>Ne, n\u011bkter\u00e9 \u00faseky D1 mezi \u017dilinou a Ko\u0161icemi jsou st\u00e1le ve v\u00fdstavb\u011b. Naviga\u010dn\u00ed aplikace v\u00e1s nasm\u011bruj\u00ed po alternativn\u00edch silnic\u00edch, kde je to pot\u0159eba. <\/p>\n\n<h3 class=\"wp-block-heading\">Pot\u0159ebuji vin\u011btu, abych p\u0159e\u0161el z Rakouska do Ma\u010farska p\u0159es Slovensko?<\/h3>\n\n<p>Ano, pokud pou\u017e\u00edv\u00e1te slovensk\u00e9 d\u00e1lnice. Trasa z V\u00eddn\u011b do Budape\u0161ti p\u0159es Bratislavu vy\u017eaduje slovenskou E-Znamku pro slovensk\u00fd \u00fasek. <\/p>\n\n<h3 class=\"wp-block-heading\">Co centrum Bratislavy?<\/h3>\n\n<p>Na b\u011b\u017en\u00fdch silnic\u00edch v Bratislav\u011b nen\u00ed pot\u0159eba \u017e\u00e1dn\u00e1 vin\u011bta. Pouze \u00faseky d\u00e1lnice (D1, D2, D4) vy\u017eaduj\u00ed vin\u011btu. <\/p>\n\n<h3 class=\"wp-block-heading\">Mohu pou\u017e\u00edt b\u011b\u017en\u00e9 silnice, abych se vyhnul n\u00e1kupu vignette?<\/h3>\n\n<p>Ano, ale v\u00fdrazn\u011b to prodlu\u017euje dobu cestov\u00e1n\u00ed, zejm\u00e9na u del\u0161\u00edch cest. Nap\u0159\u00edklad cesta z Bratislavy do \u017diliny trv\u00e1 na D1 2 hodiny oproti 3,5+ hodin\u00e1m na b\u011b\u017en\u00fdch silnic\u00edch. <\/p>\n\n<div style=\"height:25px\" aria-hidden=\"true\" class=\"wp-block-spacer\"><\/div>\n\n<div class=\"wp-block-buttons is-content-justification-center is-layout-flex wp-container-core-buttons-is-layout-a89b3969 wp-block-buttons-is-layout-flex\">\n<div class=\"wp-block-button\"><a class=\"wp-block-button__link wp-element-button\" href=\"https:\/\/vignettego.com\/\" style=\"background-color:#e91e63;color:#ffffff;padding:15px 30px;font-size:18px;border-radius:8px;\">\ud83d\ude97 Z\u00edskejte sv\u00e9 evropsk\u00e9 d\u00e1lni\u010dn\u00ed vin\u011bty na VignetteGo \u2192<\/a><\/div>\n<\/div>\n\n<div style=\"height:25px\" aria-hidden=\"true\" class=\"wp-block-spacer\"><\/div>\n\n<h2 class=\"wp-block-heading\">\ud83c\udfd4\ufe0f Pro\u010d nav\u0161t\u00edvit Slovensko?<\/h2>\n\n<ul class=\"wp-block-list\">\n<li><strong>Vysok\u00e9 Tatry:<\/strong> Nejmen\u0161\u00ed vysok\u00e9 hory na sv\u011bt\u011b \u2013 \u00fachvatn\u00e1 alpsk\u00e1 scen\u00e9rie<\/li>\n<li><strong>Bratislava:<\/strong> P\u016fvabn\u00e9 hlavn\u00ed m\u011bsto s \u017eiv\u00fdm Star\u00fdm m\u011bstem a Dunajsk\u00fdm pob\u0159e\u017e\u00edm<\/li>\n<li><strong>Hrad Spi\u0161:<\/strong> Jeden z nejv\u011bt\u0161\u00edch hradn\u00edch komplex\u016f ve st\u0159edn\u00ed Evrop\u011b (UNESCO)<\/li>\n<li><strong>D\u0159ev\u011bn\u00e9 kostely:<\/strong> Jedine\u010dn\u00e9 d\u0159ev\u011bn\u00e9 kostely zapsan\u00e9 na seznamu UNESCO ve v\u00fdchodn\u00edm Slovensku<\/li>\n<li><strong>Term\u00e1ln\u00ed l\u00e1zn\u011b:<\/strong> Vynikaj\u00edc\u00ed term\u00e1ln\u00ed st\u0159ediska jako Pie\u0161\u0165any, Tren\u010dianske Teplice<\/li>\n<li><strong>Slovensk\u00fd r\u00e1j:<\/strong> Ohromuj\u00edc\u00ed n\u00e1rodn\u00ed park s rokl\u00ed, vodop\u00e1dy a via ferrata stezkami<\/li>\n<li><strong>Vina\u0159sk\u00e1 oblast:<\/strong> M\u00e1lo zn\u00e1m\u00e9 vina\u0159sk\u00e9 oblasti, zejm\u00e9na Tokaj na v\u00fdchod\u011b<\/li>\n<\/ul>\n\n<h2 class=\"wp-block-heading\">\ud83d\udccd Z\u00e1v\u011br<\/h2>\n\n<p>Slovensko nab\u00edz\u00ed dokonalou kombinaci p\u0159\u00edrodn\u00ed kr\u00e1sy, bohat\u00e9 historie a st\u0159edoevropsk\u00e9ho kouzla. Syst\u00e9m E-Znamka je jednoduch\u00fd \u2013 nakupte online p\u0159ed cestou a u\u017eijte si bezstarostnou j\u00edzdu po slovensk\u00fdch d\u00e1lnic\u00edch. <\/p>\n\n<p>Pro v\u00edcen\u00e1rodn\u00ed roadtripy kombinujte slovenskou E-Znamku s kr\u00e1tk\u00fdmi sc\u00e9nkami z <a href=\"https:\/\/vignettego.com\/highway-vignette-europe\/cs\/ceska-dalnicni-vigneta-2026-ultimatni-pruvodce-e-znamka\/\">\u010cesk\u00e9 republiky<\/a>, <a href=\"https:\/\/vignettego.com\/highway-vignette-europe\/cs\/austria-highway-vignette-2026-kompletni-pruvodce-digitalnimi-vignetami\/\">Rakouska<\/a>, <a href=\"https:\/\/vignettego.com\/highway-vignette-europe\/cs\/madarska-dalnicni-vigneta-2026-kompletni-pruvodce-e-matrica\/\">Ma\u010farska<\/a> a <a href=\"https:\/\/vignettego.com\/highway-vignette-europe\/cs\/slovinska-dalnicni-vigneta-2026-kompletni-pruvodce-e-vinjeta\/\">Slovinska<\/a>. Z\u00edskejte v\u0161echny sv\u00e9 vin\u011bty na jednom m\u00edst\u011b na <a href=\"https:\/\/vignettego.com\/\" title=\"VignetteGo - evropsk&#xE9; dia&#x13E;ni&#x10D;n&#xED; vin&#x11B;ty\">VignetteGo<\/a>. <\/p>\n\n<p><strong>U\u017eijte si Slovensko! \ud83c\uddf8\ud83c\uddf0\ud83c\udfd4\ufe0f <\/strong><\/p>\n\n<p><strong>Souvisej\u00edc\u00ed pr\u016fvodce:<\/strong> <a href=\"https:\/\/vignettego.com\/highway-vignette-europe\/cs\/ceska-dalnicni-vigneta-2026-ultimatni-pruvodce-e-znamka\/\">\u010desk\u00e1 E-Znamka<\/a> | <a href=\"https:\/\/vignettego.com\/highway-vignette-europe\/cs\/madarska-dalnicni-vigneta-2026-kompletni-pruvodce-e-matrica\/\">Ma\u010farsko E-Matrica<\/a> | <a href=\"https:\/\/vignettego.com\/\">V\u0161echny evropsk\u00e9 vin\u011bty<\/a><\/p>\n","protected":false},"excerpt":{"rendered":"<p>Slovensko je skryt\u00fdm klenotem ve st\u0159edn\u00ed Evrop\u011b, nab\u00edz\u00ed \u00fachvatn\u00e9 horsk\u00e9 scen\u00e9rie ve Vysok\u00fdch Tatr\u00e1ch, kouzeln\u00e1 st\u0159edov\u011bk\u00e1 m\u011bsta jako Bardejov a Levo\u010da, tajemn\u00e9 hrady a vynikaj\u00edc\u00ed term\u00e1ln\u00ed l\u00e1zn\u011b. A\u0165 u\u017e proch\u00e1z\u00edte p\u0159es Slovensko do Polska, Ukrajiny nebo Ma\u010farska, nebo objevujete tuto kr\u00e1snou zemi, budete pot\u0159ebovat slovenskou E-Znamku (elektronickou vignetu). Tento pr\u016fvodce pokr\u00fdv\u00e1 v\u0161e o slovensk\u00e9m syst\u00e9mu [&hellip;]<\/p>\n","protected":false},"author":0,"featured_media":0,"parent":0,"menu_order":0,"comment_status":"closed","ping_status":"closed","template":"","meta":{"footnotes":""},"class_list":["post-352","page","type-page","status-publish","hentry"],"_links":{"self":[{"href":"https:\/\/vignettego.com\/highway-vignette-europe\/cs\/wp-json\/wp\/v2\/pages\/352","targetHints":{"allow":["GET"]}}],"collection":[{"href":"https:\/\/vignettego.com\/highway-vignette-europe\/cs\/wp-json\/wp\/v2\/pages"}],"about":[{"href":"https:\/\/vignettego.com\/highway-vignette-europe\/cs\/wp-json\/wp\/v2\/types\/page"}],"replies":[{"embeddable":true,"href":"https:\/\/vignettego.com\/highway-vignette-europe\/cs\/wp-json\/wp\/v2\/comments?post=352"}],"version-history":[{"count":4,"href":"https:\/\/vignettego.com\/highway-vignette-europe\/cs\/wp-json\/wp\/v2\/pages\/352\/revisions"}],"predecessor-version":[{"id":1403,"href":"https:\/\/vignettego.com\/highway-vignette-europe\/cs\/wp-json\/wp\/v2\/pages\/352\/revisions\/1403"}],"wp:attachment":[{"href":"https:\/\/vignettego.com\/highway-vignette-europe\/cs\/wp-json\/wp\/v2\/media?parent=352"}],"curies":[{"name":"wp","href":"https:\/\/api.w.org\/{rel}","templated":true}]}}